{"id":1178,"date":"2022-06-22T11:54:47","date_gmt":"2022-06-22T09:54:47","guid":{"rendered":"http:\/\/leader-school.lan\/oddzial\/?page_id=1178"},"modified":"2022-06-22T11:54:58","modified_gmt":"2022-06-22T09:54:58","slug":"zajecia-dla-dzieci","status":"publish","type":"page","link":"https:\/\/leonardoschool.pl\/zywiec\/kursy\/zajecia-dla-dzieci\/","title":{"rendered":"Zaj\u0119cia dla dzieci"},"content":{"rendered":"","protected":false},"excerpt":{"rendered":"","protected":false},"author":1,"featured_media":0,"parent":1176,"menu_order":0,"comment_status":"closed","ping_status":"closed","template":"page-templates\/courses-kids.php","meta":{"ngg_post_thumbnail":0},"acf":[],"yoast_head":"<!-- This site is optimized with the Yoast SEO plugin v19.3 - https:\/\/yoast.com\/wordpress\/plugins\/seo\/ -->\n<title>Zaj\u0119cia dla dzieci Szko\u0142a j\u0119zykowa w \u017bywcu - Leonardo School<\/title>\n<meta name=\"robots\" content=\"index, follow, max-snippet:-1, max-image-preview:large, max-video-preview:-1\" \/>\n<link rel=\"canonical\" href=\"https:\/\/leonardoschool.pl\/zywiec\/kursy\/zajecia-dla-dzieci\/\" \/>\n<meta property=\"og:locale\" content=\"pl_PL\" \/>\n<meta property=\"og:type\" content=\"article\" \/>\n<meta property=\"og:title\" content=\"Zaj\u0119cia dla dzieci Szko\u0142a j\u0119zykowa w \u017bywcu - Leonardo School\" \/>\n<meta property=\"og:url\" content=\"https:\/\/leonardoschool.pl\/zywiec\/kursy\/zajecia-dla-dzieci\/\" \/>\n<meta property=\"og:site_name\" content=\"Szko\u0142a j\u0119zykowa w \u017bywcu - Leonardo School\" \/>\n<meta property=\"article:modified_time\" content=\"2022-06-22T09:54:58+00:00\" \/>\n<meta name=\"twitter:card\" content=\"summary_large_image\" \/>\n<script type=\"application\/ld+json\" class=\"yoast-schema-graph\">{\"@context\":\"https:\/\/schema.org\",\"@graph\":[{\"@type\":\"Organization\",\"@id\":\"https:\/\/leonardoschool.pl\/zywiec\/#organization\",\"name\":\"Leonardo School\",\"url\":\"https:\/\/leonardoschool.pl\/zywiec\/\",\"sameAs\":[],\"logo\":{\"@type\":\"ImageObject\",\"inLanguage\":\"pl-PL\",\"@id\":\"https:\/\/leonardoschool.pl\/zywiec\/#\/schema\/logo\/image\/\",\"url\":\"https:\/\/leonardoschool.sellision.dev\/zywiec\/wp-content\/uploads\/sites\/42\/2022\/07\/leonardo-logo.png\",\"contentUrl\":\"https:\/\/leonardoschool.sellision.dev\/zywiec\/wp-content\/uploads\/sites\/42\/2022\/07\/leonardo-logo.png\",\"width\":138,\"height\":59,\"caption\":\"Leonardo School\"},\"image\":{\"@id\":\"https:\/\/leonardoschool.pl\/zywiec\/#\/schema\/logo\/image\/\"}},{\"@type\":\"WebSite\",\"@id\":\"https:\/\/leonardoschool.pl\/zywiec\/#website\",\"url\":\"https:\/\/leonardoschool.pl\/zywiec\/\",\"name\":\"Szko\u0142a j\u0119zykowa w \u017bywcu - Leonardo School\",\"description\":\"\",\"publisher\":{\"@id\":\"https:\/\/leonardoschool.pl\/zywiec\/#organization\"},\"potentialAction\":[{\"@type\":\"SearchAction\",\"target\":{\"@type\":\"EntryPoint\",\"urlTemplate\":\"https:\/\/leonardoschool.pl\/zywiec\/?s={search_term_string}\"},\"query-input\":\"required name=search_term_string\"}],\"inLanguage\":\"pl-PL\"},{\"@type\":\"WebPage\",\"@id\":\"https:\/\/leonardoschool.pl\/zywiec\/kursy\/zajecia-dla-dzieci\/\",\"url\":\"https:\/\/leonardoschool.pl\/zywiec\/kursy\/zajecia-dla-dzieci\/\",\"name\":\"Zaj\u0119cia dla dzieci Szko\u0142a j\u0119zykowa w \u017bywcu - Leonardo School\",\"isPartOf\":{\"@id\":\"https:\/\/leonardoschool.pl\/zywiec\/#website\"},\"datePublished\":\"2022-06-22T09:54:47+00:00\",\"dateModified\":\"2022-06-22T09:54:58+00:00\",\"breadcrumb\":{\"@id\":\"https:\/\/leonardoschool.pl\/zywiec\/kursy\/zajecia-dla-dzieci\/#breadcrumb\"},\"inLanguage\":\"pl-PL\",\"potentialAction\":[{\"@type\":\"ReadAction\",\"target\":[\"https:\/\/leonardoschool.pl\/zywiec\/kursy\/zajecia-dla-dzieci\/\"]}]},{\"@type\":\"BreadcrumbList\",\"@id\":\"https:\/\/leonardoschool.pl\/zywiec\/kursy\/zajecia-dla-dzieci\/#breadcrumb\",\"itemListElement\":[{\"@type\":\"ListItem\",\"position\":1,\"name\":\"Strona g\u0142\u00f3wna\",\"item\":\"https:\/\/leonardoschool.pl\/zywiec\/\"},{\"@type\":\"ListItem\",\"position\":2,\"name\":\"Kursy\",\"item\":\"https:\/\/leonardoschool.pl\/zywiec\/kursy\/\"},{\"@type\":\"ListItem\",\"position\":3,\"name\":\"Zaj\u0119cia dla dzieci\"}]}]}<\/script>\n<!-- \/ Yoast SEO plugin. -->","yoast_head_json":{"title":"Zaj\u0119cia dla dzieci Szko\u0142a j\u0119zykowa w \u017bywcu - Leonardo School","robots":{"index":"index","follow":"follow","max-snippet":"max-snippet:-1","max-image-preview":"max-image-preview:large","max-video-preview":"max-video-preview:-1"},"canonical":"https:\/\/leonardoschool.pl\/zywiec\/kursy\/zajecia-dla-dzieci\/","og_locale":"pl_PL","og_type":"article","og_title":"Zaj\u0119cia dla dzieci Szko\u0142a j\u0119zykowa w \u017bywcu - Leonardo School","og_url":"https:\/\/leonardoschool.pl\/zywiec\/kursy\/zajecia-dla-dzieci\/","og_site_name":"Szko\u0142a j\u0119zykowa w \u017bywcu - Leonardo School","article_modified_time":"2022-06-22T09:54:58+00:00","twitter_card":"summary_large_image","schema":{"@context":"https:\/\/schema.org","@graph":[{"@type":"Organization","@id":"https:\/\/leonardoschool.pl\/zywiec\/#organization","name":"Leonardo School","url":"https:\/\/leonardoschool.pl\/zywiec\/","sameAs":[],"logo":{"@type":"ImageObject","inLanguage":"pl-PL","@id":"https:\/\/leonardoschool.pl\/zywiec\/#\/schema\/logo\/image\/","url":"https:\/\/leonardoschool.sellision.dev\/zywiec\/wp-content\/uploads\/sites\/42\/2022\/07\/leonardo-logo.png","contentUrl":"https:\/\/leonardoschool.sellision.dev\/zywiec\/wp-content\/uploads\/sites\/42\/2022\/07\/leonardo-logo.png","width":138,"height":59,"caption":"Leonardo School"},"image":{"@id":"https:\/\/leonardoschool.pl\/zywiec\/#\/schema\/logo\/image\/"}},{"@type":"WebSite","@id":"https:\/\/leonardoschool.pl\/zywiec\/#website","url":"https:\/\/leonardoschool.pl\/zywiec\/","name":"Szko\u0142a j\u0119zykowa w \u017bywcu - Leonardo School","description":"","publisher":{"@id":"https:\/\/leonardoschool.pl\/zywiec\/#organization"},"potentialAction":[{"@type":"SearchAction","target":{"@type":"EntryPoint","urlTemplate":"https:\/\/leonardoschool.pl\/zywiec\/?s={search_term_string}"},"query-input":"required name=search_term_string"}],"inLanguage":"pl-PL"},{"@type":"WebPage","@id":"https:\/\/leonardoschool.pl\/zywiec\/kursy\/zajecia-dla-dzieci\/","url":"https:\/\/leonardoschool.pl\/zywiec\/kursy\/zajecia-dla-dzieci\/","name":"Zaj\u0119cia dla dzieci Szko\u0142a j\u0119zykowa w \u017bywcu - Leonardo School","isPartOf":{"@id":"https:\/\/leonardoschool.pl\/zywiec\/#website"},"datePublished":"2022-06-22T09:54:47+00:00","dateModified":"2022-06-22T09:54:58+00:00","breadcrumb":{"@id":"https:\/\/leonardoschool.pl\/zywiec\/kursy\/zajecia-dla-dzieci\/#breadcrumb"},"inLanguage":"pl-PL","potentialAction":[{"@type":"ReadAction","target":["https:\/\/leonardoschool.pl\/zywiec\/kursy\/zajecia-dla-dzieci\/"]}]},{"@type":"BreadcrumbList","@id":"https:\/\/leonardoschool.pl\/zywiec\/kursy\/zajecia-dla-dzieci\/#breadcrumb","itemListElement":[{"@type":"ListItem","position":1,"name":"Strona g\u0142\u00f3wna","item":"https:\/\/leonardoschool.pl\/zywiec\/"},{"@type":"ListItem","position":2,"name":"Kursy","item":"https:\/\/leonardoschool.pl\/zywiec\/kursy\/"},{"@type":"ListItem","position":3,"name":"Zaj\u0119cia dla dzieci"}]}]}},"_links":{"self":[{"href":"https:\/\/leonardoschool.pl\/zywiec\/wp-json\/wp\/v2\/pages\/1178"}],"collection":[{"href":"https:\/\/leonardoschool.pl\/zywiec\/wp-json\/wp\/v2\/pages"}],"about":[{"href":"https:\/\/leonardoschool.pl\/zywiec\/wp-json\/wp\/v2\/types\/page"}],"author":[{"embeddable":true,"href":"https:\/\/leonardoschool.pl\/zywiec\/wp-json\/wp\/v2\/users\/1"}],"replies":[{"embeddable":true,"href":"https:\/\/leonardoschool.pl\/zywiec\/wp-json\/wp\/v2\/comments?post=1178"}],"version-history":[{"count":1,"href":"https:\/\/leonardoschool.pl\/zywiec\/wp-json\/wp\/v2\/pages\/1178\/revisions"}],"predecessor-version":[{"id":1179,"href":"https:\/\/leonardoschool.pl\/zywiec\/wp-json\/wp\/v2\/pages\/1178\/revisions\/1179"}],"up":[{"embeddable":true,"href":"https:\/\/leonardoschool.pl\/zywiec\/wp-json\/wp\/v2\/pages\/1176"}],"wp:attachment":[{"href":"https:\/\/leonardoschool.pl\/zywiec\/wp-json\/wp\/v2\/media?parent=1178"}],"curies":[{"name":"wp","href":"https:\/\/api.w.org\/{rel}","templated":true}]}}