{"id":608,"date":"2022-05-26T10:38:22","date_gmt":"2022-05-26T08:38:22","guid":{"rendered":"http:\/\/leader-school.lan\/oddzial\/?page_id=608"},"modified":"2022-07-25T11:00:11","modified_gmt":"2022-07-25T09:00:11","slug":"polityka-prywatnosci","status":"publish","type":"page","link":"https:\/\/leonardoschool.pl\/elblag\/polityka-prywatnosci\/","title":{"rendered":"Polityka prywatno\u015bci"},"content":{"rendered":"<p>Zgodnie z obowi\u0105zuj\u0105cymi przepisami o ochronie danych osobowych informujemy, i\u017c administratorem danych osobowych jest Leonardo School Katarzyna Przyby\u0142owska, ul. Mostowa 21\/1, 82-300 Elbl\u0105g REGON: 170411330 NIP: 5781242490. Celem przetwarzania danych osobowych jest zawarcie i realizacja um\u00f3w zwi\u0105zanych z dzia\u0142alno\u015bci\u0105 administratora oraz \u2013 pod warunkiem wyra\u017cenia odpowiednich zg\u00f3d &#8211; cel marketingowy lub informacyjny. Administrator Danych Osobowych przewiduje mo\u017cliwo\u015b\u0107 powierzenia przetwarzania danych osobowych uzyskanych w zwi\u0105zku z zawart\u0105 z administratorem umow\u0105 i w celu jej realizacji innym podmiotom realizuj\u0105cym na rzecz administratora us\u0142ugi zwi\u0105zane z nauk\u0105 j\u0119zyka (lektorzy) i\/lub rozliczeniami finansowymi (ksi\u0119gowo\u015b\u0107). Informujemy nadto, \u017ce wyra\u017cone zgody mog\u0105 zosta\u0107 cofni\u0119te w dowolnym momencie poprzez z\u0142o\u017cenie stosownego o\u015bwiadczenia w siedzibie administratora. Informujemy r\u00f3wnie\u017c, \u017ce Administrator podczas przetwarzania danych nie stosuje proces\u00f3w profilowania danych. Pa\u0144stwa dane nie b\u0119d\u0105 przekazywane poza EOG ani udost\u0119pniane organizacjom mi\u0119dzynarodowym. Na ka\u017cdym etapie przetwarzania Pa\u0144stwa danych przys\u0142uguje Pa\u0144stwu prawo do wgl\u0105du, modyfikacji oraz usuni\u0119cia Pa\u0144stwa danych a nadto prawo z\u0142o\u017cenia sprzeciwu organowi nadzorczemu.<\/p>\n","protected":false},"excerpt":{"rendered":"<p>Zgodnie z obowi\u0105zuj\u0105cymi przepisami o ochronie danych osobowych informujemy, i\u017c administratorem danych osobowych jest Leonardo School Katarzyna Przyby\u0142owska, ul. Mostowa 21\/1, 82-300 Elbl\u0105g REGON: 170411330 NIP: 5781242490. Celem przetwarzania danych osobowych jest zawarcie i realizacja um\u00f3w zwi\u0105zanych z dzia\u0142alno\u015bci\u0105 administratora oraz \u2013 pod warunkiem wyra\u017cenia odpowiednich zg\u00f3d &#8211; cel marketingowy lub informacyjny. Administrator Danych Osobowych [&hellip;]<\/p>\n","protected":false},"author":1,"featured_media":0,"parent":0,"menu_order":0,"comment_status":"closed","ping_status":"closed","template":"","meta":{"ngg_post_thumbnail":0},"acf":[],"yoast_head":"<!-- This site is optimized with the Yoast SEO plugin v19.3 - https:\/\/yoast.com\/wordpress\/plugins\/seo\/ -->\n<title>Polityka prywatno\u015bci w Elbl\u0105gu - Leonardo School<\/title>\n<meta name=\"robots\" content=\"index, follow, max-snippet:-1, max-image-preview:large, max-video-preview:-1\" \/>\n<link rel=\"canonical\" href=\"https:\/\/leonardoschool.pl\/elblag\/polityka-prywatnosci\/\" \/>\n<meta property=\"og:locale\" content=\"pl_PL\" \/>\n<meta property=\"og:type\" content=\"article\" \/>\n<meta property=\"og:title\" content=\"Polityka prywatno\u015bci w Elbl\u0105gu - Leonardo School\" \/>\n<meta property=\"og:description\" content=\"Zgodnie z obowi\u0105zuj\u0105cymi przepisami o ochronie danych osobowych informujemy, i\u017c administratorem danych osobowych jest Leonardo School Katarzyna Przyby\u0142owska, ul. Mostowa 21\/1, 82-300 Elbl\u0105g REGON: 170411330 NIP: 5781242490. Celem przetwarzania danych osobowych jest zawarcie i realizacja um\u00f3w zwi\u0105zanych z dzia\u0142alno\u015bci\u0105 administratora oraz \u2013 pod warunkiem wyra\u017cenia odpowiednich zg\u00f3d &#8211; cel marketingowy lub informacyjny. Administrator Danych Osobowych [&hellip;]\" \/>\n<meta property=\"og:url\" content=\"https:\/\/leonardoschool.pl\/elblag\/polityka-prywatnosci\/\" \/>\n<meta property=\"og:site_name\" content=\"w Elbl\u0105gu - Leonardo School\" \/>\n<meta property=\"article:modified_time\" content=\"2022-07-25T09:00:11+00:00\" \/>\n<meta name=\"twitter:card\" content=\"summary_large_image\" \/>\n<meta name=\"twitter:label1\" content=\"Szacowany czas czytania\" \/>\n\t<meta name=\"twitter:data1\" content=\"1 minuta\" \/>\n<script type=\"application\/ld+json\" class=\"yoast-schema-graph\">{\"@context\":\"https:\/\/schema.org\",\"@graph\":[{\"@type\":\"Organization\",\"@id\":\"https:\/\/leonardoschool.pl\/elblag\/#organization\",\"name\":\"Leonardo School\",\"url\":\"https:\/\/leonardoschool.pl\/elblag\/\",\"sameAs\":[],\"logo\":{\"@type\":\"ImageObject\",\"inLanguage\":\"pl-PL\",\"@id\":\"https:\/\/leonardoschool.pl\/elblag\/#\/schema\/logo\/image\/\",\"url\":\"https:\/\/leonardoschool.sellision.dev\/elblag\/wp-content\/uploads\/sites\/29\/2022\/07\/leonardo-logo.png\",\"contentUrl\":\"https:\/\/leonardoschool.sellision.dev\/elblag\/wp-content\/uploads\/sites\/29\/2022\/07\/leonardo-logo.png\",\"width\":138,\"height\":59,\"caption\":\"Leonardo School\"},\"image\":{\"@id\":\"https:\/\/leonardoschool.pl\/elblag\/#\/schema\/logo\/image\/\"}},{\"@type\":\"WebSite\",\"@id\":\"https:\/\/leonardoschool.pl\/elblag\/#website\",\"url\":\"https:\/\/leonardoschool.pl\/elblag\/\",\"name\":\"w Elbl\u0105gu - Leonardo School\",\"description\":\"\",\"publisher\":{\"@id\":\"https:\/\/leonardoschool.pl\/elblag\/#organization\"},\"potentialAction\":[{\"@type\":\"SearchAction\",\"target\":{\"@type\":\"EntryPoint\",\"urlTemplate\":\"https:\/\/leonardoschool.pl\/elblag\/?s={search_term_string}\"},\"query-input\":\"required name=search_term_string\"}],\"inLanguage\":\"pl-PL\"},{\"@type\":\"WebPage\",\"@id\":\"https:\/\/leonardoschool.pl\/elblag\/polityka-prywatnosci\/\",\"url\":\"https:\/\/leonardoschool.pl\/elblag\/polityka-prywatnosci\/\",\"name\":\"Polityka prywatno\u015bci w Elbl\u0105gu - Leonardo School\",\"isPartOf\":{\"@id\":\"https:\/\/leonardoschool.pl\/elblag\/#website\"},\"datePublished\":\"2022-05-26T08:38:22+00:00\",\"dateModified\":\"2022-07-25T09:00:11+00:00\",\"breadcrumb\":{\"@id\":\"https:\/\/leonardoschool.pl\/elblag\/polityka-prywatnosci\/#breadcrumb\"},\"inLanguage\":\"pl-PL\",\"potentialAction\":[{\"@type\":\"ReadAction\",\"target\":[\"https:\/\/leonardoschool.pl\/elblag\/polityka-prywatnosci\/\"]}]},{\"@type\":\"BreadcrumbList\",\"@id\":\"https:\/\/leonardoschool.pl\/elblag\/polityka-prywatnosci\/#breadcrumb\",\"itemListElement\":[{\"@type\":\"ListItem\",\"position\":1,\"name\":\"Strona g\u0142\u00f3wna\",\"item\":\"https:\/\/leonardoschool.pl\/elblag\/\"},{\"@type\":\"ListItem\",\"position\":2,\"name\":\"Polityka prywatno\u015bci\"}]}]}<\/script>\n<!-- \/ Yoast SEO plugin. -->","yoast_head_json":{"title":"Polityka prywatno\u015bci w Elbl\u0105gu - Leonardo School","robots":{"index":"index","follow":"follow","max-snippet":"max-snippet:-1","max-image-preview":"max-image-preview:large","max-video-preview":"max-video-preview:-1"},"canonical":"https:\/\/leonardoschool.pl\/elblag\/polityka-prywatnosci\/","og_locale":"pl_PL","og_type":"article","og_title":"Polityka prywatno\u015bci w Elbl\u0105gu - Leonardo School","og_description":"Zgodnie z obowi\u0105zuj\u0105cymi przepisami o ochronie danych osobowych informujemy, i\u017c administratorem danych osobowych jest Leonardo School Katarzyna Przyby\u0142owska, ul. Mostowa 21\/1, 82-300 Elbl\u0105g REGON: 170411330 NIP: 5781242490. Celem przetwarzania danych osobowych jest zawarcie i realizacja um\u00f3w zwi\u0105zanych z dzia\u0142alno\u015bci\u0105 administratora oraz \u2013 pod warunkiem wyra\u017cenia odpowiednich zg\u00f3d &#8211; cel marketingowy lub informacyjny. Administrator Danych Osobowych [&hellip;]","og_url":"https:\/\/leonardoschool.pl\/elblag\/polityka-prywatnosci\/","og_site_name":"w Elbl\u0105gu - Leonardo School","article_modified_time":"2022-07-25T09:00:11+00:00","twitter_card":"summary_large_image","twitter_misc":{"Szacowany czas czytania":"1 minuta"},"schema":{"@context":"https:\/\/schema.org","@graph":[{"@type":"Organization","@id":"https:\/\/leonardoschool.pl\/elblag\/#organization","name":"Leonardo School","url":"https:\/\/leonardoschool.pl\/elblag\/","sameAs":[],"logo":{"@type":"ImageObject","inLanguage":"pl-PL","@id":"https:\/\/leonardoschool.pl\/elblag\/#\/schema\/logo\/image\/","url":"https:\/\/leonardoschool.sellision.dev\/elblag\/wp-content\/uploads\/sites\/29\/2022\/07\/leonardo-logo.png","contentUrl":"https:\/\/leonardoschool.sellision.dev\/elblag\/wp-content\/uploads\/sites\/29\/2022\/07\/leonardo-logo.png","width":138,"height":59,"caption":"Leonardo School"},"image":{"@id":"https:\/\/leonardoschool.pl\/elblag\/#\/schema\/logo\/image\/"}},{"@type":"WebSite","@id":"https:\/\/leonardoschool.pl\/elblag\/#website","url":"https:\/\/leonardoschool.pl\/elblag\/","name":"w Elbl\u0105gu - Leonardo School","description":"","publisher":{"@id":"https:\/\/leonardoschool.pl\/elblag\/#organization"},"potentialAction":[{"@type":"SearchAction","target":{"@type":"EntryPoint","urlTemplate":"https:\/\/leonardoschool.pl\/elblag\/?s={search_term_string}"},"query-input":"required name=search_term_string"}],"inLanguage":"pl-PL"},{"@type":"WebPage","@id":"https:\/\/leonardoschool.pl\/elblag\/polityka-prywatnosci\/","url":"https:\/\/leonardoschool.pl\/elblag\/polityka-prywatnosci\/","name":"Polityka prywatno\u015bci w Elbl\u0105gu - Leonardo School","isPartOf":{"@id":"https:\/\/leonardoschool.pl\/elblag\/#website"},"datePublished":"2022-05-26T08:38:22+00:00","dateModified":"2022-07-25T09:00:11+00:00","breadcrumb":{"@id":"https:\/\/leonardoschool.pl\/elblag\/polityka-prywatnosci\/#breadcrumb"},"inLanguage":"pl-PL","potentialAction":[{"@type":"ReadAction","target":["https:\/\/leonardoschool.pl\/elblag\/polityka-prywatnosci\/"]}]},{"@type":"BreadcrumbList","@id":"https:\/\/leonardoschool.pl\/elblag\/polityka-prywatnosci\/#breadcrumb","itemListElement":[{"@type":"ListItem","position":1,"name":"Strona g\u0142\u00f3wna","item":"https:\/\/leonardoschool.pl\/elblag\/"},{"@type":"ListItem","position":2,"name":"Polityka prywatno\u015bci"}]}]}},"_links":{"self":[{"href":"https:\/\/leonardoschool.pl\/elblag\/wp-json\/wp\/v2\/pages\/608"}],"collection":[{"href":"https:\/\/leonardoschool.pl\/elblag\/wp-json\/wp\/v2\/pages"}],"about":[{"href":"https:\/\/leonardoschool.pl\/elblag\/wp-json\/wp\/v2\/types\/page"}],"author":[{"embeddable":true,"href":"https:\/\/leonardoschool.pl\/elblag\/wp-json\/wp\/v2\/users\/1"}],"replies":[{"embeddable":true,"href":"https:\/\/leonardoschool.pl\/elblag\/wp-json\/wp\/v2\/comments?post=608"}],"version-history":[{"count":7,"href":"https:\/\/leonardoschool.pl\/elblag\/wp-json\/wp\/v2\/pages\/608\/revisions"}],"predecessor-version":[{"id":2640,"href":"https:\/\/leonardoschool.pl\/elblag\/wp-json\/wp\/v2\/pages\/608\/revisions\/2640"}],"wp:attachment":[{"href":"https:\/\/leonardoschool.pl\/elblag\/wp-json\/wp\/v2\/media?parent=608"}],"curies":[{"name":"wp","href":"https:\/\/api.w.org\/{rel}","templated":true}]}}