{"id":2708,"date":"2025-08-19T10:23:52","date_gmt":"2025-08-19T08:23:52","guid":{"rendered":"https:\/\/leonardoschool.pl\/czechowice-dziedzice\/?page_id=2708"},"modified":"2025-08-19T10:23:52","modified_gmt":"2025-08-19T08:23:52","slug":"ready-for-matura-exam-2026","status":"publish","type":"page","link":"https:\/\/leonardoschool.pl\/czechowice-dziedzice\/ready-for-matura-exam-2026\/","title":{"rendered":"Ready for Matura Exam 2026"},"content":{"rendered":"\n<p>Solidne przygotowanie dla maturzyst\u00f3w, kt\u00f3rzy zdaj\u0105 egzamin ju\u017c w 2026 roku.<\/p>\n\n\n\n<p>To ostatni moment, by zacz\u0105\u0107 gruntowne powt\u00f3rki przed TYM DNIEM. Najwy\u017cszy czas dzia\u0142a\u0107 systematycznie \u2013 najlepiej pod opiek\u0105 lektora, kt\u00f3ry ma wieloletnie do\u015bwiadczenie w przygotowaniach maturalnych i wie, jak poprowadzi\u0107 ucznia do sukcesu.<\/p>\n\n\n\n<p><strong>Dlaczego ten kurs?<\/strong><\/p>\n\n\n\n<p>Z do\u015bwiadczenia wiemy, \u017ce gdy uczniowie zostaj\u0105 sami ze swoimi przygotowaniami, cz\u0119sto ko\u0144czy si\u0119 to miesi\u0105cami odk\u0142adania nauki, a potem nerwow\u0105 gonitw\u0105 i chaotycznymi powt\u00f3rkami na ostatni\u0105 chwil\u0119.<\/p>\n\n\n\n<p>My stawiamy na systematyczny, przemy\u015blany program, kt\u00f3ry daje spok\u00f3j, porz\u0105dek w g\u0142owie i realne poczucie, \u017ce krok po kroku zmierzasz do wyznaczonego celu.<\/p>\n\n\n\n<p>Tyle w og\u00f3le, a bardziej szczeg\u00f3\u0142owo?<\/p>\n\n\n\n<p><strong>Tylko dla rocznika 2026<\/strong> \u2013 pracujemy w grupach os\u00f3b z tym samym celem i tym samym terminem egzaminu.<\/p>\n\n\n\n<p><strong>Intensywne tempo<\/strong> \u2013 nie marnujemy czasu, ka\u017cda lekcja to konkretna praca nad umiej\u0119tno\u015bciami potrzebnymi na maturze.<\/p>\n\n\n\n<p><strong>Podzia\u0142 na poziom podstawowy i rozszerzony<\/strong> \u2013 tak, aby ka\u017cdy m\u00f3g\u0142 skupi\u0107 si\u0119 na wymaganiach swojego egzaminu.<\/p>\n\n\n\n<p><strong>Trening maturalny od A do Z<\/strong> \u2013 matura pisemna i ustna, wszystkie typy zada\u0144, a tak\u017ce strategie rozwi\u0105zywania arkuszy.<\/p>\n\n\n\n<p><strong>Gramatyka i s\u0142ownictwo w praktyce <\/strong>\u2013 nie ma mowy o suchej teorii, zaczynamy od razu dzia\u0142a\u0107 w kontek\u015bcie zada\u0144 maturalnych.<\/p>\n\n\n\n<p><strong>Regularne egzaminy pr\u00f3bne<\/strong> \u2013 \u017ceby oswoi\u0107 si\u0119 z form\u0105 i tempem egzaminu oraz zobaczy\u0107 realne post\u0119py.<\/p>\n\n\n\n<p><strong>100% praktyki<\/strong> \u2013 pisanie, m\u00f3wienie, s\u0142uchanie, czytanie w proporcjach odpowiadaj\u0105cych maturze.<\/p>\n\n\n\n<p>Nowoczesne metody nauki \u2013 techniki zapami\u0119tywania, strategie egzaminacyjne, a tak\u017ce praca w parach i grupach, by dope\u0142ni\u0107 proces przygotowania do matury.<\/p>\n\n\n\n<p><strong>Efekty po kursie:<\/strong><\/p>\n\n\n\n<ul><li>uporz\u0105dkowana wiedza i umiej\u0119tno\u015bci potrzebne na maturze<\/li><li>swobodne m\u00f3wienie po angielsku w sytuacjach egzaminacyjnych<\/li><li>znajomo\u015b\u0107 wszystkich typ\u00f3w zada\u0144 maturalnych i strategii ich rozwi\u0105zywania<\/li><li>wi\u0119ksza pewno\u015b\u0107 siebie \u2013 zar\u00f3wno w cz\u0119\u015bci ustnej, jak i pisemnej<\/li><\/ul>\n\n\n\n<p><strong>Jak wygl\u0105da organizacja kursu?<\/strong><\/p>\n\n\n\n<ul><li>2\u00d7 w tygodniu po 90 minut (popo\u0142udniami, np. 17:30\u201319:00 lub 18:00\u201319:30)<\/li><li>lub soboty \u2013 120 minut z 5-minutow\u0105 przerw\u0105<\/li><li>65 zaj\u0119\u0107 w roku<\/li><\/ul>\n","protected":false},"excerpt":{"rendered":"<p>Solidne przygotowanie dla maturzyst\u00f3w, kt\u00f3rzy zdaj\u0105 egzamin ju\u017c w 2026 roku. To ostatni moment, by zacz\u0105\u0107 gruntowne powt\u00f3rki przed TYM DNIEM. Najwy\u017cszy czas dzia\u0142a\u0107 systematycznie \u2013 najlepiej pod opiek\u0105 lektora, kt\u00f3ry ma wieloletnie do\u015bwiadczenie w przygotowaniach maturalnych i wie, jak poprowadzi\u0107 ucznia do sukcesu. Dlaczego ten kurs? Z do\u015bwiadczenia wiemy, \u017ce gdy uczniowie zostaj\u0105 sami [&hellip;]<\/p>\n","protected":false},"author":1,"featured_media":0,"parent":0,"menu_order":0,"comment_status":"closed","ping_status":"closed","template":"","meta":{"ngg_post_thumbnail":0},"acf":[],"yoast_head":"<!-- This site is optimized with the Yoast SEO plugin v19.3 - https:\/\/yoast.com\/wordpress\/plugins\/seo\/ -->\n<title>Ready for Matura Exam 2026 w Czechowicach-Dziedzicach - Leonardo School<\/title>\n<meta name=\"robots\" content=\"index, follow, max-snippet:-1, max-image-preview:large, max-video-preview:-1\" \/>\n<link rel=\"canonical\" href=\"https:\/\/leonardoschool.pl\/czechowice-dziedzice\/ready-for-matura-exam-2026\/\" \/>\n<meta property=\"og:locale\" content=\"pl_PL\" \/>\n<meta property=\"og:type\" content=\"article\" \/>\n<meta property=\"og:title\" content=\"Ready for Matura Exam 2026 w Czechowicach-Dziedzicach - Leonardo School\" \/>\n<meta property=\"og:description\" content=\"Solidne przygotowanie dla maturzyst\u00f3w, kt\u00f3rzy zdaj\u0105 egzamin ju\u017c w 2026 roku. To ostatni moment, by zacz\u0105\u0107 gruntowne powt\u00f3rki przed TYM DNIEM. Najwy\u017cszy czas dzia\u0142a\u0107 systematycznie \u2013 najlepiej pod opiek\u0105 lektora, kt\u00f3ry ma wieloletnie do\u015bwiadczenie w przygotowaniach maturalnych i wie, jak poprowadzi\u0107 ucznia do sukcesu. Dlaczego ten kurs? Z do\u015bwiadczenia wiemy, \u017ce gdy uczniowie zostaj\u0105 sami [&hellip;]\" \/>\n<meta property=\"og:url\" content=\"https:\/\/leonardoschool.pl\/czechowice-dziedzice\/ready-for-matura-exam-2026\/\" \/>\n<meta property=\"og:site_name\" content=\"w Czechowicach-Dziedzicach - Leonardo School\" \/>\n<meta name=\"twitter:card\" content=\"summary_large_image\" \/>\n<meta name=\"twitter:label1\" content=\"Szacowany czas czytania\" \/>\n\t<meta name=\"twitter:data1\" content=\"2 minuty\" \/>\n<script type=\"application\/ld+json\" class=\"yoast-schema-graph\">{\"@context\":\"https:\/\/schema.org\",\"@graph\":[{\"@type\":\"Organization\",\"@id\":\"https:\/\/leonardoschool.pl\/czechowice-dziedzice\/#organization\",\"name\":\"Leonardo School\",\"url\":\"https:\/\/leonardoschool.pl\/czechowice-dziedzice\/\",\"sameAs\":[],\"logo\":{\"@type\":\"ImageObject\",\"inLanguage\":\"pl-PL\",\"@id\":\"https:\/\/leonardoschool.pl\/czechowice-dziedzice\/#\/schema\/logo\/image\/\",\"url\":\"https:\/\/leonardoschool.sellision.dev\/czechowice-dziedzice\/wp-content\/uploads\/sites\/43\/2022\/07\/leonardo-logo.png\",\"contentUrl\":\"https:\/\/leonardoschool.sellision.dev\/czechowice-dziedzice\/wp-content\/uploads\/sites\/43\/2022\/07\/leonardo-logo.png\",\"width\":138,\"height\":59,\"caption\":\"Leonardo School\"},\"image\":{\"@id\":\"https:\/\/leonardoschool.pl\/czechowice-dziedzice\/#\/schema\/logo\/image\/\"}},{\"@type\":\"WebSite\",\"@id\":\"https:\/\/leonardoschool.pl\/czechowice-dziedzice\/#website\",\"url\":\"https:\/\/leonardoschool.pl\/czechowice-dziedzice\/\",\"name\":\"w Czechowicach-Dziedzicach - Leonardo School\",\"description\":\"\",\"publisher\":{\"@id\":\"https:\/\/leonardoschool.pl\/czechowice-dziedzice\/#organization\"},\"potentialAction\":[{\"@type\":\"SearchAction\",\"target\":{\"@type\":\"EntryPoint\",\"urlTemplate\":\"https:\/\/leonardoschool.pl\/czechowice-dziedzice\/?s={search_term_string}\"},\"query-input\":\"required name=search_term_string\"}],\"inLanguage\":\"pl-PL\"},{\"@type\":\"WebPage\",\"@id\":\"https:\/\/leonardoschool.pl\/czechowice-dziedzice\/ready-for-matura-exam-2026\/\",\"url\":\"https:\/\/leonardoschool.pl\/czechowice-dziedzice\/ready-for-matura-exam-2026\/\",\"name\":\"Ready for Matura Exam 2026 w Czechowicach-Dziedzicach - Leonardo School\",\"isPartOf\":{\"@id\":\"https:\/\/leonardoschool.pl\/czechowice-dziedzice\/#website\"},\"datePublished\":\"2025-08-19T08:23:52+00:00\",\"dateModified\":\"2025-08-19T08:23:52+00:00\",\"breadcrumb\":{\"@id\":\"https:\/\/leonardoschool.pl\/czechowice-dziedzice\/ready-for-matura-exam-2026\/#breadcrumb\"},\"inLanguage\":\"pl-PL\",\"potentialAction\":[{\"@type\":\"ReadAction\",\"target\":[\"https:\/\/leonardoschool.pl\/czechowice-dziedzice\/ready-for-matura-exam-2026\/\"]}]},{\"@type\":\"BreadcrumbList\",\"@id\":\"https:\/\/leonardoschool.pl\/czechowice-dziedzice\/ready-for-matura-exam-2026\/#breadcrumb\",\"itemListElement\":[{\"@type\":\"ListItem\",\"position\":1,\"name\":\"Strona g\u0142\u00f3wna\",\"item\":\"https:\/\/leonardoschool.pl\/czechowice-dziedzice\/\"},{\"@type\":\"ListItem\",\"position\":2,\"name\":\"Ready for Matura Exam 2026\"}]}]}<\/script>\n<!-- \/ Yoast SEO plugin. -->","yoast_head_json":{"title":"Ready for Matura Exam 2026 w Czechowicach-Dziedzicach - Leonardo School","robots":{"index":"index","follow":"follow","max-snippet":"max-snippet:-1","max-image-preview":"max-image-preview:large","max-video-preview":"max-video-preview:-1"},"canonical":"https:\/\/leonardoschool.pl\/czechowice-dziedzice\/ready-for-matura-exam-2026\/","og_locale":"pl_PL","og_type":"article","og_title":"Ready for Matura Exam 2026 w Czechowicach-Dziedzicach - Leonardo School","og_description":"Solidne przygotowanie dla maturzyst\u00f3w, kt\u00f3rzy zdaj\u0105 egzamin ju\u017c w 2026 roku. To ostatni moment, by zacz\u0105\u0107 gruntowne powt\u00f3rki przed TYM DNIEM. Najwy\u017cszy czas dzia\u0142a\u0107 systematycznie \u2013 najlepiej pod opiek\u0105 lektora, kt\u00f3ry ma wieloletnie do\u015bwiadczenie w przygotowaniach maturalnych i wie, jak poprowadzi\u0107 ucznia do sukcesu. Dlaczego ten kurs? Z do\u015bwiadczenia wiemy, \u017ce gdy uczniowie zostaj\u0105 sami [&hellip;]","og_url":"https:\/\/leonardoschool.pl\/czechowice-dziedzice\/ready-for-matura-exam-2026\/","og_site_name":"w Czechowicach-Dziedzicach - Leonardo School","twitter_card":"summary_large_image","twitter_misc":{"Szacowany czas czytania":"2 minuty"},"schema":{"@context":"https:\/\/schema.org","@graph":[{"@type":"Organization","@id":"https:\/\/leonardoschool.pl\/czechowice-dziedzice\/#organization","name":"Leonardo School","url":"https:\/\/leonardoschool.pl\/czechowice-dziedzice\/","sameAs":[],"logo":{"@type":"ImageObject","inLanguage":"pl-PL","@id":"https:\/\/leonardoschool.pl\/czechowice-dziedzice\/#\/schema\/logo\/image\/","url":"https:\/\/leonardoschool.sellision.dev\/czechowice-dziedzice\/wp-content\/uploads\/sites\/43\/2022\/07\/leonardo-logo.png","contentUrl":"https:\/\/leonardoschool.sellision.dev\/czechowice-dziedzice\/wp-content\/uploads\/sites\/43\/2022\/07\/leonardo-logo.png","width":138,"height":59,"caption":"Leonardo School"},"image":{"@id":"https:\/\/leonardoschool.pl\/czechowice-dziedzice\/#\/schema\/logo\/image\/"}},{"@type":"WebSite","@id":"https:\/\/leonardoschool.pl\/czechowice-dziedzice\/#website","url":"https:\/\/leonardoschool.pl\/czechowice-dziedzice\/","name":"w Czechowicach-Dziedzicach - Leonardo School","description":"","publisher":{"@id":"https:\/\/leonardoschool.pl\/czechowice-dziedzice\/#organization"},"potentialAction":[{"@type":"SearchAction","target":{"@type":"EntryPoint","urlTemplate":"https:\/\/leonardoschool.pl\/czechowice-dziedzice\/?s={search_term_string}"},"query-input":"required name=search_term_string"}],"inLanguage":"pl-PL"},{"@type":"WebPage","@id":"https:\/\/leonardoschool.pl\/czechowice-dziedzice\/ready-for-matura-exam-2026\/","url":"https:\/\/leonardoschool.pl\/czechowice-dziedzice\/ready-for-matura-exam-2026\/","name":"Ready for Matura Exam 2026 w Czechowicach-Dziedzicach - Leonardo School","isPartOf":{"@id":"https:\/\/leonardoschool.pl\/czechowice-dziedzice\/#website"},"datePublished":"2025-08-19T08:23:52+00:00","dateModified":"2025-08-19T08:23:52+00:00","breadcrumb":{"@id":"https:\/\/leonardoschool.pl\/czechowice-dziedzice\/ready-for-matura-exam-2026\/#breadcrumb"},"inLanguage":"pl-PL","potentialAction":[{"@type":"ReadAction","target":["https:\/\/leonardoschool.pl\/czechowice-dziedzice\/ready-for-matura-exam-2026\/"]}]},{"@type":"BreadcrumbList","@id":"https:\/\/leonardoschool.pl\/czechowice-dziedzice\/ready-for-matura-exam-2026\/#breadcrumb","itemListElement":[{"@type":"ListItem","position":1,"name":"Strona g\u0142\u00f3wna","item":"https:\/\/leonardoschool.pl\/czechowice-dziedzice\/"},{"@type":"ListItem","position":2,"name":"Ready for Matura Exam 2026"}]}]}},"_links":{"self":[{"href":"https:\/\/leonardoschool.pl\/czechowice-dziedzice\/wp-json\/wp\/v2\/pages\/2708"}],"collection":[{"href":"https:\/\/leonardoschool.pl\/czechowice-dziedzice\/wp-json\/wp\/v2\/pages"}],"about":[{"href":"https:\/\/leonardoschool.pl\/czechowice-dziedzice\/wp-json\/wp\/v2\/types\/page"}],"author":[{"embeddable":true,"href":"https:\/\/leonardoschool.pl\/czechowice-dziedzice\/wp-json\/wp\/v2\/users\/1"}],"replies":[{"embeddable":true,"href":"https:\/\/leonardoschool.pl\/czechowice-dziedzice\/wp-json\/wp\/v2\/comments?post=2708"}],"version-history":[{"count":1,"href":"https:\/\/leonardoschool.pl\/czechowice-dziedzice\/wp-json\/wp\/v2\/pages\/2708\/revisions"}],"predecessor-version":[{"id":2709,"href":"https:\/\/leonardoschool.pl\/czechowice-dziedzice\/wp-json\/wp\/v2\/pages\/2708\/revisions\/2709"}],"wp:attachment":[{"href":"https:\/\/leonardoschool.pl\/czechowice-dziedzice\/wp-json\/wp\/v2\/media?parent=2708"}],"curies":[{"name":"wp","href":"https:\/\/api.w.org\/{rel}","templated":true}]}}